{"id":2,"date":"2015-03-06T17:08:34","date_gmt":"2015-03-06T17:08:34","guid":{"rendered":"http:\/\/plataformamicroscopiaavanzada.biol.unlp.edu.ar\/?page_id=2"},"modified":"2022-10-20T12:20:10","modified_gmt":"2022-10-20T12:20:10","slug":"pagina-ejemplo","status":"publish","type":"page","link":"https:\/\/plataformamicroscopiaavanzada.biol.unlp.edu.ar\/","title":{"rendered":"\u00a1Bienvenidos a la Plataforma de Microscop\u00eda Avanzada!"},"content":{"rendered":"<p><\/p>\n<p style=\"text-align: justify;\">La Plataforma de Microscop\u00eda Avanzada surge ante la necesidad de centralizar el equipamiento de microscop\u00eda de alta complejidad para maximizar la capacidad de uso, gesti\u00f3n, mantenimiento y potencialidad de crecimiento. Los\u00a0 instrumentos de esta plataforma est\u00e1n inscriptos en el <a href=\"http:\/\/www.microscopia.mincyt.gob.ar\" target=\"_blank\" rel=\"noopener\">Sistema Nacional de Microscop\u00eda<\/a>, red propiciada por el CONICET y el MinCyt. La creaci\u00f3n de la Plataforma se logr\u00f3 por la conjunci\u00f3n de dos consorcios multi-institucionales formados a partir del otorgamiento de subsidios PME2006 y PAE-PME 2007 coordinados por Profesores de esta la <a href=\"http:\/\/www.exactas.unlp.edu.ar\/menu\/index.php\">Facultad de Ciencias Exactas (UNLP)<\/a> y que incluyen equipamiento de microscop\u00eda avanzada. Los instrumentos principales son un <a title=\"Microscopio Confocal Espectral Leica TCS SP5\" href=\"http:\/\/plataformamicroscopiaavanzada.biol.unlp.edu.ar\/?page_id=29\">Microscopio Confocal Leica SP5<\/a> y un <a title=\"Microscopio de Disecci\u00f3n L\u00e1ser Leica\" href=\"http:\/\/plataformamicroscopiaavanzada.biol.unlp.edu.ar\/?page_id=31\">Microscopio de disecci\u00f3n laser Leica LDM6000<\/a>. Adem\u00e1s incluye un <a title=\"Cri\u00f3tomo Thermo-Shandon\" href=\"http:\/\/plataformamicroscopiaavanzada.biol.unlp.edu.ar\/?page_id=34\">Cri\u00f3tomo (Thermo Shandon)<\/a> y un <a title=\"Microscopio Invertido de Fluorescencia Nikon Ti Eclipse\" href=\"http:\/\/plataformamicroscopiaavanzada.biol.unlp.edu.ar\/?page_id=37\">Microscopio invertido de fluorescencia (Nikon Ti Eclipse)<\/a>.<\/p>\n<p><\/p>\n\n\n<div class=\"wp-block-group\">\n<div class=\"wp-block-columns\">\n<div class=\"wp-block-column\" style=\"flex-basis:100%\">\n<div class=\"wp-block-buttons\">\n<div class=\"wp-block-button\"><a class=\"wp-block-button__link\" href=\"https:\/\/plataformamicroscopiaavanzada.biol.unlp.edu.ar\/?cat=7\">>> Novedades<\/a><\/div>\n<\/div>\n<\/div>\n<\/div>\n<\/div>","protected":false},"excerpt":{"rendered":"<p>La Plataforma de Microscop\u00eda Avanzada surge ante la necesidad de centralizar el equipamiento de microscop\u00eda de alta complejidad para maximizar la capacidad de uso, gesti\u00f3n, mantenimiento y potencialidad de crecimiento. Los\u00a0 instrumentos de esta plataforma est\u00e1n inscriptos en el Sistema Nacional de Microscop\u00eda, red propiciada por el CONICET y el MinCyt. La creaci\u00f3n de la &hellip; <\/p>\n<p class=\"link-more\"><a href=\"https:\/\/plataformamicroscopiaavanzada.biol.unlp.edu.ar\/\" class=\"more-link\">Continuar leyendo<span class=\"screen-reader-text\"> \u00ab\u00a1Bienvenidos a la Plataforma de Microscop\u00eda Avanzada!\u00bb<\/span><\/a><\/p>\n","protected":false},"author":1,"featured_media":0,"parent":0,"menu_order":0,"comment_status":"closed","ping_status":"closed","template":"","meta":[],"_links":{"self":[{"href":"https:\/\/plataformamicroscopiaavanzada.biol.unlp.edu.ar\/index.php?rest_route=\/wp\/v2\/pages\/2"}],"collection":[{"href":"https:\/\/plataformamicroscopiaavanzada.biol.unlp.edu.ar\/index.php?rest_route=\/wp\/v2\/pages"}],"about":[{"href":"https:\/\/plataformamicroscopiaavanzada.biol.unlp.edu.ar\/index.php?rest_route=\/wp\/v2\/types\/page"}],"author":[{"embeddable":true,"href":"https:\/\/plataformamicroscopiaavanzada.biol.unlp.edu.ar\/index.php?rest_route=\/wp\/v2\/users\/1"}],"replies":[{"embeddable":true,"href":"https:\/\/plataformamicroscopiaavanzada.biol.unlp.edu.ar\/index.php?rest_route=%2Fwp%2Fv2%2Fcomments&post=2"}],"version-history":[{"count":12,"href":"https:\/\/plataformamicroscopiaavanzada.biol.unlp.edu.ar\/index.php?rest_route=\/wp\/v2\/pages\/2\/revisions"}],"predecessor-version":[{"id":312,"href":"https:\/\/plataformamicroscopiaavanzada.biol.unlp.edu.ar\/index.php?rest_route=\/wp\/v2\/pages\/2\/revisions\/312"}],"wp:attachment":[{"href":"https:\/\/plataformamicroscopiaavanzada.biol.unlp.edu.ar\/index.php?rest_route=%2Fwp%2Fv2%2Fmedia&parent=2"}],"curies":[{"name":"wp","href":"https:\/\/api.w.org\/{rel}","templated":true}]}}