{"id":210,"date":"2016-05-13T16:01:31","date_gmt":"2016-05-13T16:01:31","guid":{"rendered":"http:\/\/plataformamicroscopiaavanzada.biol.unlp.edu.ar\/?page_id=210"},"modified":"2016-09-15T14:30:25","modified_gmt":"2016-09-15T14:30:25","slug":"espectros-de-absorcion-y-emision","status":"publish","type":"page","link":"https:\/\/plataformamicroscopiaavanzada.biol.unlp.edu.ar\/?page_id=210","title":{"rendered":"Espectros de absorci\u00f3n y emisi\u00f3n"},"content":{"rendered":"<p><img src=\"http:\/\/casanchi.com\/fis\/espectros\/029a.jpg\" alt=\"Resultado de imagen para ESPECTROS emision\" \/><\/p>\n<p>El siguiente listado enumera algunos link donde consultar los espectros de absorci\u00f3n y emisi\u00f3n de diferentes fluor\u00f3foros:<\/p>\n<p><a href=\"https:\/\/www.thermofisher.com\/ar\/es\/home\/life-science\/cell-analysis\/labeling-chemistry\/fluorescence-spectraviewer.html\" target=\"_blank\">https:\/\/www.thermofisher.com\/ar\/es\/home\/life-science\/cell-analysis\/labeling-chemistry\/fluorescence-spectraviewer.html<\/a><\/p>\n<p><a href=\"http:\/\/www.fluorophores.tugraz.at\/\" target=\"_blank\">http:\/\/www.fluorophores.tugraz.at\/<\/a><\/p>\n<p><a href=\"https:\/\/www.chroma.com\/spectra-viewer?fluorochromes=10431\" target=\"_blank\">https:\/\/www.chroma.com\/spectra-viewer?fluorochromes=10431<\/a><\/p>","protected":false},"excerpt":{"rendered":"<p>El siguiente listado enumera algunos link donde consultar los espectros de absorci\u00f3n y emisi\u00f3n de diferentes fluor\u00f3foros: https:\/\/www.thermofisher.com\/ar\/es\/home\/life-science\/cell-analysis\/labeling-chemistry\/fluorescence-spectraviewer.html http:\/\/www.fluorophores.tugraz.at\/ https:\/\/www.chroma.com\/spectra-viewer?fluorochromes=10431<\/p>\n","protected":false},"author":1,"featured_media":0,"parent":0,"menu_order":0,"comment_status":"closed","ping_status":"closed","template":"","meta":[],"_links":{"self":[{"href":"https:\/\/plataformamicroscopiaavanzada.biol.unlp.edu.ar\/index.php?rest_route=\/wp\/v2\/pages\/210"}],"collection":[{"href":"https:\/\/plataformamicroscopiaavanzada.biol.unlp.edu.ar\/index.php?rest_route=\/wp\/v2\/pages"}],"about":[{"href":"https:\/\/plataformamicroscopiaavanzada.biol.unlp.edu.ar\/index.php?rest_route=\/wp\/v2\/types\/page"}],"author":[{"embeddable":true,"href":"https:\/\/plataformamicroscopiaavanzada.biol.unlp.edu.ar\/index.php?rest_route=\/wp\/v2\/users\/1"}],"replies":[{"embeddable":true,"href":"https:\/\/plataformamicroscopiaavanzada.biol.unlp.edu.ar\/index.php?rest_route=%2Fwp%2Fv2%2Fcomments&post=210"}],"version-history":[{"count":4,"href":"https:\/\/plataformamicroscopiaavanzada.biol.unlp.edu.ar\/index.php?rest_route=\/wp\/v2\/pages\/210\/revisions"}],"predecessor-version":[{"id":236,"href":"https:\/\/plataformamicroscopiaavanzada.biol.unlp.edu.ar\/index.php?rest_route=\/wp\/v2\/pages\/210\/revisions\/236"}],"wp:attachment":[{"href":"https:\/\/plataformamicroscopiaavanzada.biol.unlp.edu.ar\/index.php?rest_route=%2Fwp%2Fv2%2Fmedia&parent=210"}],"curies":[{"name":"wp","href":"https:\/\/api.w.org\/{rel}","templated":true}]}}