{"id":29,"date":"2015-04-14T13:28:10","date_gmt":"2015-04-14T13:28:10","guid":{"rendered":"http:\/\/plataformamicroscopiaavanzada.biol.unlp.edu.ar\/?page_id=29"},"modified":"2025-03-07T15:13:54","modified_gmt":"2025-03-07T15:13:54","slug":"microscopio-confocal-espectral-leica-tcs-sp5","status":"publish","type":"page","link":"https:\/\/plataformamicroscopiaavanzada.biol.unlp.edu.ar\/?page_id=29","title":{"rendered":"Microscopio Confocal Espectral Leica TCS SP5"},"content":{"rendered":"<p>La microscop\u00eda confocal posee ventajas sobre la microscop\u00eda \u00f3ptica convencional ya que el uso de un pinhole excluye la luz fuera de foco resultando en un incremento en la resoluci\u00f3n axial de la imagen. El microscopio Confocal Leica TCS SP5 cubre un amplio rango de requerimientos en adquisici\u00f3n de im\u00e1genes con una excelente perfomance, el sistema provee un rango completo de velocidades de escaneo incluso a la m\u00e1s alta resoluci\u00f3n. Permite capturas tridimensionales, espectrales y en el tiempo. Est\u00e1 equipado con 8 l\u00edneas de excitaci\u00f3n l\u00e1ser (458 &#8211; 475 &#8211; 488 &#8211; 496 &#8211; 514\u00a0&#8211; 543 &#8211; 594 &#8211; 633 nm), tres canales simult\u00e1neos de detecci\u00f3n; adem\u00e1s posee l\u00e1mpara UV para visualizaci\u00f3n en epifluorescencia. Cuenta con tres objetivos (10X DRY &#8211; NA: 0,30 ; 20X \u00a0WATER &#8211; NA: 0,70; 63X OIL &#8211; NA: 1,4; 100X OIL -NA: 1,44) y platina motorizada (<a href=\"http:\/\/plataformamicroscopiaavanzada.biol.unlp.edu.ar\/wp-content\/uploads\/2015\/05\/Leica_Mark__Find_online.pdf\">Tile Scan &amp; Mark and Find<\/a>).<\/p>\n<p>M\u00e1s informaci\u00f3n: <a href=\"http:\/\/plataformamicroscopiaavanzada.biol.unlp.edu.ar\/wp-content\/uploads\/2015\/05\/Leica_TCS_SP5-Brochure_EN.pdf\">Leica TCS SP5<\/a><\/p>\n<p><\/p>","protected":false},"excerpt":{"rendered":"<p>La microscop\u00eda confocal posee ventajas sobre la microscop\u00eda \u00f3ptica convencional ya que el uso de un pinhole excluye la luz fuera de foco resultando en un incremento en la resoluci\u00f3n axial de la imagen. El microscopio Confocal Leica TCS SP5 cubre un amplio rango de requerimientos en adquisici\u00f3n de im\u00e1genes con una excelente perfomance, el &hellip; <\/p>\n<p class=\"link-more\"><a href=\"https:\/\/plataformamicroscopiaavanzada.biol.unlp.edu.ar\/?page_id=29\" class=\"more-link\">Continuar leyendo<span class=\"screen-reader-text\"> \u00abMicroscopio Confocal Espectral Leica TCS SP5\u00bb<\/span><\/a><\/p>\n","protected":false},"author":1,"featured_media":0,"parent":0,"menu_order":1,"comment_status":"closed","ping_status":"closed","template":"","meta":[],"_links":{"self":[{"href":"https:\/\/plataformamicroscopiaavanzada.biol.unlp.edu.ar\/index.php?rest_route=\/wp\/v2\/pages\/29"}],"collection":[{"href":"https:\/\/plataformamicroscopiaavanzada.biol.unlp.edu.ar\/index.php?rest_route=\/wp\/v2\/pages"}],"about":[{"href":"https:\/\/plataformamicroscopiaavanzada.biol.unlp.edu.ar\/index.php?rest_route=\/wp\/v2\/types\/page"}],"author":[{"embeddable":true,"href":"https:\/\/plataformamicroscopiaavanzada.biol.unlp.edu.ar\/index.php?rest_route=\/wp\/v2\/users\/1"}],"replies":[{"embeddable":true,"href":"https:\/\/plataformamicroscopiaavanzada.biol.unlp.edu.ar\/index.php?rest_route=%2Fwp%2Fv2%2Fcomments&post=29"}],"version-history":[{"count":10,"href":"https:\/\/plataformamicroscopiaavanzada.biol.unlp.edu.ar\/index.php?rest_route=\/wp\/v2\/pages\/29\/revisions"}],"predecessor-version":[{"id":337,"href":"https:\/\/plataformamicroscopiaavanzada.biol.unlp.edu.ar\/index.php?rest_route=\/wp\/v2\/pages\/29\/revisions\/337"}],"wp:attachment":[{"href":"https:\/\/plataformamicroscopiaavanzada.biol.unlp.edu.ar\/index.php?rest_route=%2Fwp%2Fv2%2Fmedia&parent=29"}],"curies":[{"name":"wp","href":"https:\/\/api.w.org\/{rel}","templated":true}]}}