{"id":301,"date":"2022-10-20T12:09:49","date_gmt":"2022-10-20T12:09:49","guid":{"rendered":"https:\/\/plataformamicroscopiaavanzada.biol.unlp.edu.ar\/?page_id=301"},"modified":"2022-10-20T12:09:49","modified_gmt":"2022-10-20T12:09:49","slug":"envio-de-archivos-de-imagenes","status":"publish","type":"page","link":"https:\/\/plataformamicroscopiaavanzada.biol.unlp.edu.ar\/?page_id=301","title":{"rendered":"Env\u00edo de archivos de im\u00e1genes"},"content":{"rendered":"\n<p>Los archivos con las im\u00e1genes obtenidos en la sesi\u00f3n de microscop\u00eda se compartir\u00e1n a trav\u00e9s de la nube del Departamento de Ciencias Biol\u00f3gicas de la Facultad de Ciencias Exactas. A tal fin se enviar\u00e1 al usuario un link de descarga y una contrase\u00f1a. Los archivos permanecer\u00e1n disponibles en la nube durante 7 d\u00edas.<\/p>\n","protected":false},"excerpt":{"rendered":"<p>Los archivos con las im\u00e1genes obtenidos en la sesi\u00f3n de microscop\u00eda se compartir\u00e1n a trav\u00e9s de la nube del Departamento de Ciencias Biol\u00f3gicas de la Facultad de Ciencias Exactas. A tal fin se enviar\u00e1 al usuario un link de descarga y una contrase\u00f1a. Los archivos permanecer\u00e1n disponibles en la nube durante 7 d\u00edas.<\/p>\n","protected":false},"author":3,"featured_media":0,"parent":0,"menu_order":0,"comment_status":"closed","ping_status":"closed","template":"","meta":[],"_links":{"self":[{"href":"https:\/\/plataformamicroscopiaavanzada.biol.unlp.edu.ar\/index.php?rest_route=\/wp\/v2\/pages\/301"}],"collection":[{"href":"https:\/\/plataformamicroscopiaavanzada.biol.unlp.edu.ar\/index.php?rest_route=\/wp\/v2\/pages"}],"about":[{"href":"https:\/\/plataformamicroscopiaavanzada.biol.unlp.edu.ar\/index.php?rest_route=\/wp\/v2\/types\/page"}],"author":[{"embeddable":true,"href":"https:\/\/plataformamicroscopiaavanzada.biol.unlp.edu.ar\/index.php?rest_route=\/wp\/v2\/users\/3"}],"replies":[{"embeddable":true,"href":"https:\/\/plataformamicroscopiaavanzada.biol.unlp.edu.ar\/index.php?rest_route=%2Fwp%2Fv2%2Fcomments&post=301"}],"version-history":[{"count":1,"href":"https:\/\/plataformamicroscopiaavanzada.biol.unlp.edu.ar\/index.php?rest_route=\/wp\/v2\/pages\/301\/revisions"}],"predecessor-version":[{"id":303,"href":"https:\/\/plataformamicroscopiaavanzada.biol.unlp.edu.ar\/index.php?rest_route=\/wp\/v2\/pages\/301\/revisions\/303"}],"wp:attachment":[{"href":"https:\/\/plataformamicroscopiaavanzada.biol.unlp.edu.ar\/index.php?rest_route=%2Fwp%2Fv2%2Fmedia&parent=301"}],"curies":[{"name":"wp","href":"https:\/\/api.w.org\/{rel}","templated":true}]}}