{"id":324,"date":"2025-02-26T11:37:50","date_gmt":"2025-02-26T11:37:50","guid":{"rendered":"http:\/\/plataformamicroscopiaavanzada.biol.unlp.edu.ar\/?page_id=324"},"modified":"2026-01-27T13:28:57","modified_gmt":"2026-01-27T13:28:57","slug":"biotek-cytation-c10-confocal-imaging-reader","status":"publish","type":"page","link":"https:\/\/plataformamicroscopiaavanzada.biol.unlp.edu.ar\/?page_id=324","title":{"rendered":"BioTek Cytation C10 Confocal Imaging Reader"},"content":{"rendered":"\n<p id=\"tw-target-text\">Combina la microscop\u00eda confocal y de campo amplio automatizada con la lectura convencional de microplacas multimodo. El m\u00f3dulo confocal de disco giratorio y las opciones de orificios de disco que lo acompa\u00f1an permiten al investigador observar m\u00e1s profundamente la biolog\u00eda de muestras gruesas con mayor claridad y detalle. Los componentes de alta calidad utilizados en el sistema, incluida una c\u00e1mara cient\u00edfica CMOS (sCMOS) de Hamamatsu, objetivos Olympus e iluminaci\u00f3n basada en l\u00e1ser, permiten una excelente calidad de imagen. Tambi\u00e9n incluye fluorescencia de campo amplio y campo claro. Los controles ambientales integrados permiten realizar ensayos con c\u00e9lulas vivas. Los ensayos con c\u00e9lulas vivas en m\u00faltiples placas se realizan con Cytation C10 integrado con la incubadora automatizada Agilent BioTek BioSpa 8.<\/p>\n\n\n\n<p><strong>Algunas t\u00e9cnicas:<\/strong><\/p>\n\n\n\n<p>Recuento de c\u00e9lulas (<a href=\"https:\/\/www.agilent.com\/en\/technology\/cell-counting\">https:\/\/www.agilent.com\/en\/technology\/cell-counting<\/a>)Detecci\u00f3n autom\u00e1tica de ROIs (<a href=\"https:\/\/www.agilent.com\/en\/technology\/imager-microplate-reader-technologies\/automatic-region-of-interest-identification\">https:\/\/www.agilent.com\/en\/technology\/imager-microplate-reader-technologies\/automatic-region-of-interest-identification<\/a>)<br>Spot counting (<a href=\"https:\/\/www.agilent.com\/en\/technology\/imager-microplate-reader-technologies\/spot-counting\">https:\/\/www.agilent.com\/en\/technology\/imager-microplate-reader-technologies\/spot-counting<\/a>)<\/p>\n\n\n\n<p><strong>Especificaciones:<\/strong><\/p>\n\n\n\n<p><strong>Objetivos<\/strong>:  1.25x, 4x, 10x, 20x, 40x y 60x en aire <\/p>\n\n\n\n<p><strong>Cubos para fluorescencia:<\/strong><\/p>\n\n\n\n<ul><li><strong>Widefield:<\/strong><\/li><\/ul>\n\n\n\n<p>DAPI (EX:377 &#8211; EM:447)<\/p>\n\n\n\n<p>CFP (EX: 445 &#8211; EM: 510)<\/p>\n\n\n\n<p>GFP (EX:469 &#8211; EM: 525)<\/p>\n\n\n\n<p>TRITC (EX: 556 &#8211; EM: 600)<\/p>\n\n\n\n<p>CY5 (EX: 628 &#8211; EM: 685)<\/p>\n\n\n\n<p>Naranja de acridina (EX: 469 &#8211; EM: 647)<\/p>\n\n\n\n<p>Ioduro de propidio (EX: 531 &#8211; EM: 647)<\/p>\n\n\n\n<ul><li><strong>Confocal:<\/strong><\/li><\/ul>\n\n\n\n<p>DAPI (EX: 390 &#8211; EM: 442)<\/p>\n\n\n\n<p>GFP (EX:495 &#8211; EM:520)<\/p>\n\n\n\n<p>TRITC (EX:556 &#8211; EM:600)<\/p>\n\n\n\n<p>CY5 (EX:635 &#8211; EM:685)<\/p>\n\n\n\n<div class=\"wp-block-file\"><a href=\"http:\/\/plataformamicroscopiaavanzada.biol.unlp.edu.ar\/wp-content\/uploads\/2025\/02\/Cubos.pdf\">Cubos para microscop\u00eda disponibles<\/a><a href=\"http:\/\/plataformamicroscopiaavanzada.biol.unlp.edu.ar\/wp-content\/uploads\/2025\/02\/Cubos.pdf\" class=\"wp-block-file__button\" download>Descarga<\/a><\/div>\n\n\n\n<p><\/p>\n\n\n\n<p>Simuladores para espectros de fluor\u00f3foros. Deben elegir el simulador de acuerdo a si el experimento ser\u00e1 widefield o confocal, elegir los fluor\u00f3foros e ir habilitando o deshabilitando los filtros disponibles.<\/p>\n\n\n\n<p>Simulador de fluor\u00f3foros widefield:  <a rel=\"noreferrer noopener\" href=\"https:\/\/www.thermofisher.com\/order\/fluorescence-spectraviewer\/?ef_id=Cj0KCQiA4eHLBhCzARIsAJ2NZoJbA3XQr6EMOnHmAc045QyU3Lv4xrzqFNqOyUgcCaTjFvBRCe8RP5kaAk7KEALw_wcB:G:s&amp;s_kwcid=AL!3652!3!771077830704!b!!g!!spectral%20viewer!352132362!186091386164&amp;cid=bid_pca_aup_r01_co_cp1359_pjt0000_bid00000_0se_gaw_nt_pur_con&amp;gad_source=1&amp;gad_campaignid=352132362&amp;gbraid=0AAAAADxi_GSHKFW6EyvYYhq9pjcKEsHOf&amp;gclid=Cj0KCQiA4eHLBhCzARIsAJ2NZoJbA3XQr6EMOnHmAc045QyU3Lv4xrzqFNqOyUgcCaTjFvBRCe8RP5kaAk7KEALw_wcB#!\/share-state\/7\/SVbDNA\/\/\/377%7C50~445%7C45~469%7C45~556%7C20~628%7C40~469%7C35~531%7C40\/447%7C60~510%7C42~525%7C39~600%7C37~685%7C40~647%7C57~647%7C57\/\/40\" data-type=\"URL\" data-id=\"https:\/\/www.thermofisher.com\/order\/fluorescence-spectraviewer\/?ef_id=Cj0KCQiA4eHLBhCzARIsAJ2NZoJbA3XQr6EMOnHmAc045QyU3Lv4xrzqFNqOyUgcCaTjFvBRCe8RP5kaAk7KEALw_wcB:G:s&amp;s_kwcid=AL!3652!3!771077830704!b!!g!!spectral%20viewer!352132362!186091386164&amp;cid=bid_pca_aup_r01_co_cp1359_pjt0000_bid00000_0se_gaw_nt_pur_con&amp;gad_source=1&amp;gad_campaignid=352132362&amp;gbraid=0AAAAADxi_GSHKFW6EyvYYhq9pjcKEsHOf&amp;gclid=Cj0KCQiA4eHLBhCzARIsAJ2NZoJbA3XQr6EMOnHmAc045QyU3Lv4xrzqFNqOyUgcCaTjFvBRCe8RP5kaAk7KEALw_wcB#!\/share-state\/7\/SVbDNA\/\/\/377%7C50~445%7C45~469%7C45~556%7C20~628%7C40~469%7C35~531%7C40\/447%7C60~510%7C42~525%7C39~600%7C37~685%7C40~647%7C57~647%7C57\/\/40\" target=\"_blank\">acceder<\/a><\/p>\n\n\n\n<p>Simulador de fluor\u00f3foros confocal:  <a rel=\"noreferrer noopener\" href=\"https:\/\/www.thermofisher.com\/order\/fluorescence-spectraviewer\/?ef_id=Cj0KCQiA4eHLBhCzARIsAJ2NZoJbA3XQr6EMOnHmAc045QyU3Lv4xrzqFNqOyUgcCaTjFvBRCe8RP5kaAk7KEALw_wcB:G:s&amp;s_kwcid=AL!3652!3!771077830704!b!!g!!spectral%20viewer!352132362!186091386164&amp;cid=bid_pca_aup_r01_co_cp1359_pjt0000_bid00000_0se_gaw_nt_pur_con&amp;gad_source=1&amp;gad_campaignid=352132362&amp;gbraid=0AAAAADxi_GSHKFW6EyvYYhq9pjcKEsHOf&amp;gclid=Cj0KCQiA4eHLBhCzARIsAJ2NZoJbA3XQr6EMOnHmAc045QyU3Lv4xrzqFNqOyUgcCaTjFvBRCe8RP5kaAk7KEALw_wcB#!\/share-state\/7\/SVbDNA\/\/\/377%7C50~469%7C45~556%7C20~628%7C40\/447%7C60~525%7C39~600%7C37~685%7C40\/\/40\" target=\"_blank\">acceder<\/a><\/p>\n","protected":false},"excerpt":{"rendered":"<p>Combina la microscop\u00eda confocal y de campo amplio automatizada con la lectura convencional de microplacas multimodo. El m\u00f3dulo confocal de disco giratorio y las opciones de orificios de disco que lo acompa\u00f1an permiten al investigador observar m\u00e1s profundamente la biolog\u00eda de muestras gruesas con mayor claridad y detalle. Los componentes de alta calidad utilizados en &hellip; <\/p>\n<p class=\"link-more\"><a href=\"https:\/\/plataformamicroscopiaavanzada.biol.unlp.edu.ar\/?page_id=324\" class=\"more-link\">Continuar leyendo<span class=\"screen-reader-text\"> \u00abBioTek Cytation C10 Confocal Imaging Reader\u00bb<\/span><\/a><\/p>\n","protected":false},"author":3,"featured_media":0,"parent":0,"menu_order":0,"comment_status":"closed","ping_status":"closed","template":"","meta":[],"_links":{"self":[{"href":"https:\/\/plataformamicroscopiaavanzada.biol.unlp.edu.ar\/index.php?rest_route=\/wp\/v2\/pages\/324"}],"collection":[{"href":"https:\/\/plataformamicroscopiaavanzada.biol.unlp.edu.ar\/index.php?rest_route=\/wp\/v2\/pages"}],"about":[{"href":"https:\/\/plataformamicroscopiaavanzada.biol.unlp.edu.ar\/index.php?rest_route=\/wp\/v2\/types\/page"}],"author":[{"embeddable":true,"href":"https:\/\/plataformamicroscopiaavanzada.biol.unlp.edu.ar\/index.php?rest_route=\/wp\/v2\/users\/3"}],"replies":[{"embeddable":true,"href":"https:\/\/plataformamicroscopiaavanzada.biol.unlp.edu.ar\/index.php?rest_route=%2Fwp%2Fv2%2Fcomments&post=324"}],"version-history":[{"count":6,"href":"https:\/\/plataformamicroscopiaavanzada.biol.unlp.edu.ar\/index.php?rest_route=\/wp\/v2\/pages\/324\/revisions"}],"predecessor-version":[{"id":349,"href":"https:\/\/plataformamicroscopiaavanzada.biol.unlp.edu.ar\/index.php?rest_route=\/wp\/v2\/pages\/324\/revisions\/349"}],"wp:attachment":[{"href":"https:\/\/plataformamicroscopiaavanzada.biol.unlp.edu.ar\/index.php?rest_route=%2Fwp%2Fv2%2Fmedia&parent=324"}],"curies":[{"name":"wp","href":"https:\/\/api.w.org\/{rel}","templated":true}]}}