{"id":34,"date":"2015-04-14T13:30:55","date_gmt":"2015-04-14T13:30:55","guid":{"rendered":"http:\/\/plataformamicroscopiaavanzada.biol.unlp.edu.ar\/?page_id=34"},"modified":"2025-03-07T15:13:19","modified_gmt":"2025-03-07T15:13:19","slug":"criotomo-thermo-shadon","status":"publish","type":"page","link":"https:\/\/plataformamicroscopiaavanzada.biol.unlp.edu.ar\/?page_id=34","title":{"rendered":"Cri\u00f3tomo Thermo-Shandon"},"content":{"rendered":"<p><\/p>\n<p style=\"text-align: justify;\">Este equipo est\u00e1 dise\u00f1ado para cortar secciones congeladas de espec\u00edmenes de forma r\u00e1pida y precisa para que posteriormente se examinen con el microscopio. El procesamiento de preparados histol\u00f3gicos obtenidos por congelaci\u00f3n permite complementar la capacidad de realizaci\u00f3n de t\u00e9cnicas de histoqu\u00edmica por inmunofluorescencia y de recuperaci\u00f3n de \u00e1cidos nucleicos luego de la microscop\u00eda de disecci\u00f3n. M\u00e1s informaci\u00f3n:\u00a0<a href=\"http:\/\/plataformamicroscopiaavanzada.biol.unlp.edu.ar\/wp-content\/uploads\/2015\/05\/criotomo.pdf\">Cri\u00f3tomo Thermo Shandon<\/a><\/p>\n<p style=\"text-align: justify;\">\n<p><\/p>","protected":false},"excerpt":{"rendered":"<p>Este equipo est\u00e1 dise\u00f1ado para cortar secciones congeladas de espec\u00edmenes de forma r\u00e1pida y precisa para que posteriormente se examinen con el microscopio. El procesamiento de preparados histol\u00f3gicos obtenidos por congelaci\u00f3n permite complementar la capacidad de realizaci\u00f3n de t\u00e9cnicas de histoqu\u00edmica por inmunofluorescencia y de recuperaci\u00f3n de \u00e1cidos nucleicos luego de la microscop\u00eda de disecci\u00f3n. &hellip; <\/p>\n<p class=\"link-more\"><a href=\"https:\/\/plataformamicroscopiaavanzada.biol.unlp.edu.ar\/?page_id=34\" class=\"more-link\">Continuar leyendo<span class=\"screen-reader-text\"> \u00abCri\u00f3tomo Thermo-Shandon\u00bb<\/span><\/a><\/p>\n","protected":false},"author":1,"featured_media":0,"parent":0,"menu_order":4,"comment_status":"closed","ping_status":"closed","template":"","meta":[],"_links":{"self":[{"href":"https:\/\/plataformamicroscopiaavanzada.biol.unlp.edu.ar\/index.php?rest_route=\/wp\/v2\/pages\/34"}],"collection":[{"href":"https:\/\/plataformamicroscopiaavanzada.biol.unlp.edu.ar\/index.php?rest_route=\/wp\/v2\/pages"}],"about":[{"href":"https:\/\/plataformamicroscopiaavanzada.biol.unlp.edu.ar\/index.php?rest_route=\/wp\/v2\/types\/page"}],"author":[{"embeddable":true,"href":"https:\/\/plataformamicroscopiaavanzada.biol.unlp.edu.ar\/index.php?rest_route=\/wp\/v2\/users\/1"}],"replies":[{"embeddable":true,"href":"https:\/\/plataformamicroscopiaavanzada.biol.unlp.edu.ar\/index.php?rest_route=%2Fwp%2Fv2%2Fcomments&post=34"}],"version-history":[{"count":9,"href":"https:\/\/plataformamicroscopiaavanzada.biol.unlp.edu.ar\/index.php?rest_route=\/wp\/v2\/pages\/34\/revisions"}],"predecessor-version":[{"id":335,"href":"https:\/\/plataformamicroscopiaavanzada.biol.unlp.edu.ar\/index.php?rest_route=\/wp\/v2\/pages\/34\/revisions\/335"}],"wp:attachment":[{"href":"https:\/\/plataformamicroscopiaavanzada.biol.unlp.edu.ar\/index.php?rest_route=%2Fwp%2Fv2%2Fmedia&parent=34"}],"curies":[{"name":"wp","href":"https:\/\/api.w.org\/{rel}","templated":true}]}}