{"id":39,"date":"2015-04-14T13:33:31","date_gmt":"2015-04-14T13:33:31","guid":{"rendered":"http:\/\/plataformamicroscopiaavanzada.biol.unlp.edu.ar\/?page_id=39"},"modified":"2019-03-07T14:24:25","modified_gmt":"2019-03-07T14:24:25","slug":"gestion-de-turnos","status":"publish","type":"page","link":"https:\/\/plataformamicroscopiaavanzada.biol.unlp.edu.ar\/?page_id=39","title":{"rendered":"Gesti\u00f3n de turnos"},"content":{"rendered":"<p><\/p>\n<p style=\"text-align: justify;\">\n<p style=\"text-align: justify;\">Los turnos se gestionan a trav\u00e9s del Sistema de Gesti\u00f3n de Turnos (Sistema Nacional de Microscop\u00eda). Este portal \u00fanico permite a todo usuario de la Red Nacional de Microscop\u00eda conocer la disponibilidad horaria y acceder de manera sencilla y transparente a los servicios brindados por los m\u00e1s de 130 equipos adheridos al Sistema. La plataforma cuenta con personal t\u00e9cnico capacitado para operar los equipos, supervisar su uso y brindar asesoramiento a los usuarios.<\/p>\n<div style=\"text-align: justify;\">\n<p>Los turnos para los servicios de la Plataforma de Microscop\u00eda avanzada\u00a0deber\u00e1n solicitarse por el sistema de gesti\u00f3n de turnos del Sistema Nacional de Microscopia (<span class=\"il\">SNM<\/span>), ingresando al siguiente link:<\/p>\n<div style=\"text-align: justify;\">\n<p>\u00a0<a href=\"http:\/\/sistemasnacionales.mincyt.gob.ar\/gestion_turnos.php\">Sistema Nacional de microscop\u00eda &#8211; Gesti\u00f3n de Turnos<\/a><\/p>\n<div style=\"text-align: justify;\">\u00a0Al ingresar por primera vez deber\u00e1n registrarse como usuarios. \u00a0Luego de la verificaci\u00f3n de los datos por parte del <span class=\"il\">SNM<\/span> se confirmar\u00e1 dicho usuario y deber\u00e1n ingresar al sistema y cargar sus datos. Finalmente estar\u00e1n listos para pedir turnos.<\/div>\n<div style=\"text-align: justify;\"><\/div>\n<div style=\"text-align: justify;\">Los datos de nuestros equipo son:<\/div>\n<div style=\"text-align: justify;\">Provincia: Buenos AIres<\/div>\n<div style=\"text-align: justify;\">Laboratorio: Plataforma de Microscopia Avanzada (Exactas-UNLP &#8211; La Plata)<\/div>\n<div style=\"text-align: justify;\">\n<p>Perfil: \u00a0el que le corresponda a usted en referencia al equipo o la plataforma<\/p>\n<div style=\"text-align: justify;\"><\/div>\n<div style=\"text-align: justify;\">PAUTAS DE RESERVA DE TURNOS:<\/div>\n<div style=\"text-align: justify;\">&#8211; Horarios: los horarios disponibles estar\u00e1n visibles en el sistema de gesti\u00f3n de turnos<\/div>\n<div style=\"text-align: justify;\">-Se solicita que los turnos reservados sean consecutivos a los ya solicitados para ese d\u00eda, de modo que no queden tiempos libres con el equipo encendido y sin uso.<\/div>\n<div style=\"text-align: justify;\">&#8211; No se permitir\u00e1 un uso abusivo. \u00a0Los casos excepcionales (como la necesidad de bloqueo de un dia completo, por un experimento particular, por ejemplo) deber\u00e1n explicarse por mail (unlp.confocal@gmail.com y microscopio.fluorescencia@gmail.com) para que el turno sea aprobado.<\/div>\n<div style=\"text-align: justify;\">&#8211; Verificadas las condiciones, los turnos ser\u00e1n aprobados por los administradores.<\/div>\n<div>&#8211; Cuando se realiza una solicitud de turno, el sistema enviar\u00e1 un mail al usuario notificando que la solicitud est\u00e1 en estado <span style=\"color: #ff9900;\"><strong>pendiente<\/strong>.<\/span> Cuando los administradores aprueben la solicitud, un nuevo mail ser\u00e1 enviado anunciando que la solicitud se encuentra <span style=\"color: #339966;\"><strong>aprobada<\/strong><\/span>.<\/div>\n<ul>\n<li>En caso de no recibir el primer mail verificar primero en el sistema que la solicitud se encuentre en estado pendiente, si no lo estuviera volver a solicitarla.<\/li>\n<li>Si la solicitud se encuentra pendiente (habiendo recibido el primer mail) y no recibiera el segundo mail (de aprobaci\u00f3n), el turno no est\u00e1 aprobado, consultar por mail a unlp.confocal@gmail.com.<\/li>\n<\/ul>\n<\/div>\n<\/div>\n<\/div>\n<p><\/p>","protected":false},"excerpt":{"rendered":"<p>Los turnos se gestionan a trav\u00e9s del Sistema de Gesti\u00f3n de Turnos (Sistema Nacional de Microscop\u00eda). Este portal \u00fanico permite a todo usuario de la Red Nacional de Microscop\u00eda conocer la disponibilidad horaria y acceder de manera sencilla y transparente a los servicios brindados por los m\u00e1s de 130 equipos adheridos al Sistema. La plataforma &hellip; <\/p>\n<p class=\"link-more\"><a href=\"https:\/\/plataformamicroscopiaavanzada.biol.unlp.edu.ar\/?page_id=39\" class=\"more-link\">Continuar leyendo<span class=\"screen-reader-text\"> \u00abGesti\u00f3n de turnos\u00bb<\/span><\/a><\/p>\n","protected":false},"author":1,"featured_media":0,"parent":0,"menu_order":5,"comment_status":"closed","ping_status":"closed","template":"","meta":[],"_links":{"self":[{"href":"https:\/\/plataformamicroscopiaavanzada.biol.unlp.edu.ar\/index.php?rest_route=\/wp\/v2\/pages\/39"}],"collection":[{"href":"https:\/\/plataformamicroscopiaavanzada.biol.unlp.edu.ar\/index.php?rest_route=\/wp\/v2\/pages"}],"about":[{"href":"https:\/\/plataformamicroscopiaavanzada.biol.unlp.edu.ar\/index.php?rest_route=\/wp\/v2\/types\/page"}],"author":[{"embeddable":true,"href":"https:\/\/plataformamicroscopiaavanzada.biol.unlp.edu.ar\/index.php?rest_route=\/wp\/v2\/users\/1"}],"replies":[{"embeddable":true,"href":"https:\/\/plataformamicroscopiaavanzada.biol.unlp.edu.ar\/index.php?rest_route=%2Fwp%2Fv2%2Fcomments&post=39"}],"version-history":[{"count":26,"href":"https:\/\/plataformamicroscopiaavanzada.biol.unlp.edu.ar\/index.php?rest_route=\/wp\/v2\/pages\/39\/revisions"}],"predecessor-version":[{"id":270,"href":"https:\/\/plataformamicroscopiaavanzada.biol.unlp.edu.ar\/index.php?rest_route=\/wp\/v2\/pages\/39\/revisions\/270"}],"wp:attachment":[{"href":"https:\/\/plataformamicroscopiaavanzada.biol.unlp.edu.ar\/index.php?rest_route=%2Fwp%2Fv2%2Fmedia&parent=39"}],"curies":[{"name":"wp","href":"https:\/\/api.w.org\/{rel}","templated":true}]}}