{"id":43,"date":"2015-04-14T13:54:46","date_gmt":"2015-04-14T13:54:46","guid":{"rendered":"http:\/\/plataformamicroscopiaavanzada.biol.unlp.edu.ar\/?page_id=43"},"modified":"2025-03-07T15:16:39","modified_gmt":"2025-03-07T15:16:39","slug":"sugerencias-para-el-analisis-de-las-imagenes-adquiridas","status":"publish","type":"page","link":"https:\/\/plataformamicroscopiaavanzada.biol.unlp.edu.ar\/?page_id=43","title":{"rendered":"Sugerencias para el an\u00e1lisis de las im\u00e1genes adquiridas"},"content":{"rendered":"<p><\/p>\n<p style=\"text-align: justify;\">\n<p style=\"text-align: justify;\">A continuaci\u00f3n se detallan una serie de links para descargar los programas b\u00e1sicos para el procesamiento y an\u00e1lisis de las im\u00e1genes adquiridas con nuestros equipos.<\/p>\n<p style=\"text-align: justify;\">LAS-AF (programa de Leica que permite el manejo b\u00e1sico de las im\u00e1genes capturadas con el Microcopio Cofocal)<\/p>\n<p style=\"text-align: justify;\"><a title=\"Software Leica\" href=\"http:\/\/www.leica-microsystems.com\/products\/microscope-software\/software-for-life-science-research\/las-x\/#downloads\" target=\"_blank\" rel=\"noopener noreferrer\">http:\/\/www.leica-microsystems.com\/products\/microscope-software\/software-for-life-science-research\/las-x\/#downloads<\/a><\/p>\n<p style=\"text-align: justify;\">ImageJ y FIJI (programas m\u00e1s avanzados para el procesamiento y an\u00e1lisis de im\u00e1genes)<\/p>\n<p style=\"text-align: justify;\"><a title=\"ImageJ\" href=\"http:\/\/rsb.info.nih.gov\/ij\/download.html\" target=\"_blank\" rel=\"noopener noreferrer\">http:\/\/rsb.info.nih.gov\/ij\/download.html<\/a><\/p>\n<p style=\"text-align: justify;\"><a title=\"FIJI\" href=\"http:\/\/fiji.sc\/Downloads\" target=\"_blank\" rel=\"noopener noreferrer\">http:\/\/fiji.sc\/Downloads<\/a><\/p>\n<p style=\"text-align: justify;\">FIJI es una versi\u00f3n del ImageJ que contiene una serie de plugins comunes para el an\u00e1lisis de im\u00e1genes de microscop\u00eda.<\/p>\n<p><\/p>","protected":false},"excerpt":{"rendered":"<p>A continuaci\u00f3n se detallan una serie de links para descargar los programas b\u00e1sicos para el procesamiento y an\u00e1lisis de las im\u00e1genes adquiridas con nuestros equipos. LAS-AF (programa de Leica que permite el manejo b\u00e1sico de las im\u00e1genes capturadas con el Microcopio Cofocal) http:\/\/www.leica-microsystems.com\/products\/microscope-software\/software-for-life-science-research\/las-x\/#downloads ImageJ y FIJI (programas m\u00e1s avanzados para el procesamiento y an\u00e1lisis de &hellip; <\/p>\n<p class=\"link-more\"><a href=\"https:\/\/plataformamicroscopiaavanzada.biol.unlp.edu.ar\/?page_id=43\" class=\"more-link\">Continuar leyendo<span class=\"screen-reader-text\"> \u00abSugerencias para el an\u00e1lisis de las im\u00e1genes adquiridas\u00bb<\/span><\/a><\/p>\n","protected":false},"author":1,"featured_media":0,"parent":0,"menu_order":6,"comment_status":"closed","ping_status":"closed","template":"","meta":[],"_links":{"self":[{"href":"https:\/\/plataformamicroscopiaavanzada.biol.unlp.edu.ar\/index.php?rest_route=\/wp\/v2\/pages\/43"}],"collection":[{"href":"https:\/\/plataformamicroscopiaavanzada.biol.unlp.edu.ar\/index.php?rest_route=\/wp\/v2\/pages"}],"about":[{"href":"https:\/\/plataformamicroscopiaavanzada.biol.unlp.edu.ar\/index.php?rest_route=\/wp\/v2\/types\/page"}],"author":[{"embeddable":true,"href":"https:\/\/plataformamicroscopiaavanzada.biol.unlp.edu.ar\/index.php?rest_route=\/wp\/v2\/users\/1"}],"replies":[{"embeddable":true,"href":"https:\/\/plataformamicroscopiaavanzada.biol.unlp.edu.ar\/index.php?rest_route=%2Fwp%2Fv2%2Fcomments&post=43"}],"version-history":[{"count":10,"href":"https:\/\/plataformamicroscopiaavanzada.biol.unlp.edu.ar\/index.php?rest_route=\/wp\/v2\/pages\/43\/revisions"}],"predecessor-version":[{"id":339,"href":"https:\/\/plataformamicroscopiaavanzada.biol.unlp.edu.ar\/index.php?rest_route=\/wp\/v2\/pages\/43\/revisions\/339"}],"wp:attachment":[{"href":"https:\/\/plataformamicroscopiaavanzada.biol.unlp.edu.ar\/index.php?rest_route=%2Fwp%2Fv2%2Fmedia&parent=43"}],"curies":[{"name":"wp","href":"https:\/\/api.w.org\/{rel}","templated":true}]}}