{"id":78,"date":"2015-04-16T14:02:50","date_gmt":"2015-04-16T14:02:50","guid":{"rendered":"http:\/\/plataformamicroscopiaavanzada.biol.unlp.edu.ar\/?page_id=78"},"modified":"2025-03-07T15:10:41","modified_gmt":"2025-03-07T15:10:41","slug":"equipos","status":"publish","type":"page","link":"https:\/\/plataformamicroscopiaavanzada.biol.unlp.edu.ar\/?page_id=78","title":{"rendered":"Equipos"},"content":{"rendered":"\n<p><a href=\"https:\/\/plataformamicroscopiaavanzada.biol.unlp.edu.ar\/?page_id=324\" data-type=\"page\" data-id=\"324\">BioTek Cytation C10 Confocal Imaging Reader<\/a><\/p>\n\n\n\n<p><a href=\"https:\/\/plataformamicroscopiaavanzada.biol.unlp.edu.ar\/?page_id=29\" data-type=\"page\" data-id=\"29\">Microscopio Confocal Espectral Leica TCS SP5<\/a><\/p>\n\n\n\n<p><a href=\"https:\/\/plataformamicroscopiaavanzada.biol.unlp.edu.ar\/?page_id=31\" data-type=\"page\" data-id=\"31\">Microscopio de Disecci\u00f3n L\u00e1ser Leica<\/a><\/p>\n\n\n\n<p><a href=\"https:\/\/plataformamicroscopiaavanzada.biol.unlp.edu.ar\/?page_id=34\" data-type=\"page\" data-id=\"34\">Cri\u00f3tomo Thermo-Shandon<\/a><\/p>\n","protected":false},"excerpt":{"rendered":"<p>BioTek Cytation C10 Confocal Imaging Reader Microscopio Confocal Espectral Leica TCS SP5 Microscopio de Disecci\u00f3n L\u00e1ser Leica Cri\u00f3tomo Thermo-Shandon<\/p>\n","protected":false},"author":1,"featured_media":0,"parent":0,"menu_order":0,"comment_status":"closed","ping_status":"closed","template":"","meta":[],"_links":{"self":[{"href":"https:\/\/plataformamicroscopiaavanzada.biol.unlp.edu.ar\/index.php?rest_route=\/wp\/v2\/pages\/78"}],"collection":[{"href":"https:\/\/plataformamicroscopiaavanzada.biol.unlp.edu.ar\/index.php?rest_route=\/wp\/v2\/pages"}],"about":[{"href":"https:\/\/plataformamicroscopiaavanzada.biol.unlp.edu.ar\/index.php?rest_route=\/wp\/v2\/types\/page"}],"author":[{"embeddable":true,"href":"https:\/\/plataformamicroscopiaavanzada.biol.unlp.edu.ar\/index.php?rest_route=\/wp\/v2\/users\/1"}],"replies":[{"embeddable":true,"href":"https:\/\/plataformamicroscopiaavanzada.biol.unlp.edu.ar\/index.php?rest_route=%2Fwp%2Fv2%2Fcomments&post=78"}],"version-history":[{"count":3,"href":"https:\/\/plataformamicroscopiaavanzada.biol.unlp.edu.ar\/index.php?rest_route=\/wp\/v2\/pages\/78\/revisions"}],"predecessor-version":[{"id":331,"href":"https:\/\/plataformamicroscopiaavanzada.biol.unlp.edu.ar\/index.php?rest_route=\/wp\/v2\/pages\/78\/revisions\/331"}],"wp:attachment":[{"href":"https:\/\/plataformamicroscopiaavanzada.biol.unlp.edu.ar\/index.php?rest_route=%2Fwp%2Fv2%2Fmedia&parent=78"}],"curies":[{"name":"wp","href":"https:\/\/api.w.org\/{rel}","templated":true}]}}